{"id":901,"date":"2019-08-26T21:19:21","date_gmt":"2019-08-26T21:19:21","guid":{"rendered":"https:\/\/atj.si\/?page_id=901"},"modified":"2019-08-26T21:31:05","modified_gmt":"2019-08-26T21:31:05","slug":"piskotki","status":"publish","type":"page","link":"https:\/\/atj.si\/de\/piskotki\/","title":{"rendered":"Web-Cookies"},"content":{"rendered":"<div data-elementor-type=\"wp-post\" data-elementor-id=\"901\" class=\"elementor elementor-901\" data-elementor-post-type=\"page\">\n\t\t\t\t\t\t<section class=\"elementor-section elementor-top-section elementor-element elementor-element-b157122 elementor-section-stretched elementor-section-full_width elementor-section-height-default elementor-section-height-default\" data-id=\"b157122\" data-element_type=\"section\" data-settings=\"{&quot;stretch_section&quot;:&quot;section-stretched&quot;,&quot;background_background&quot;:&quot;classic&quot;}\">\n\t\t\t\t\t\t<div class=\"elementor-container elementor-column-gap-default\">\n\t\t\t\t\t<div class=\"elementor-column elementor-col-100 elementor-top-column elementor-element elementor-element-393f3bc\" data-id=\"393f3bc\" data-element_type=\"column\">\n\t\t\t<div class=\"elementor-widget-wrap elementor-element-populated\">\n\t\t\t\t\t\t<section class=\"elementor-section elementor-inner-section elementor-element elementor-element-9a5c742 elementor-section-boxed elementor-section-height-default elementor-section-height-default\" data-id=\"9a5c742\" data-element_type=\"section\">\n\t\t\t\t\t\t<div class=\"elementor-container elementor-column-gap-default\">\n\t\t\t\t\t<div class=\"elementor-column elementor-col-16 elementor-inner-column elementor-element elementor-element-7decdaf\" data-id=\"7decdaf\" data-element_type=\"column\">\n\t\t\t<div class=\"elementor-widget-wrap\">\n\t\t\t\t\t\t\t<\/div>\n\t\t<\/div>\n\t\t\t\t<div class=\"elementor-column elementor-col-66 elementor-inner-column elementor-element elementor-element-d702b42\" data-id=\"d702b42\" data-element_type=\"column\">\n\t\t\t<div class=\"elementor-widget-wrap elementor-element-populated\">\n\t\t\t\t\t\t<div class=\"elementor-element elementor-element-ee91268 elementor-headline--style-highlight elementor-widget elementor-widget-animated-headline\" data-id=\"ee91268\" data-element_type=\"widget\" data-settings=\"{&quot;highlighted_text&quot;:&quot;Pi\\u0161kotki&quot;,&quot;headline_style&quot;:&quot;highlight&quot;,&quot;marker&quot;:&quot;circle&quot;,&quot;loop&quot;:&quot;yes&quot;,&quot;highlight_animation_duration&quot;:1200,&quot;highlight_iteration_delay&quot;:8000}\" data-widget_type=\"animated-headline.default\">\n\t\t\t\t<div class=\"elementor-widget-container\">\n\t\t\t\t\t\t\t<h1 class=\"elementor-headline\">\n\t\t\t\t<span class=\"elementor-headline-dynamic-wrapper elementor-headline-text-wrapper\">\n\t\t\t\t\t<span class=\"elementor-headline-dynamic-text elementor-headline-text-active\">Web-Cookies<\/span>\n\t\t\t\t<\/span>\n\t\t\t\t<\/h1>\n\t\t\t\t\t\t<\/div>\n\t\t\t\t<\/div>\n\t\t\t\t\t<\/div>\n\t\t<\/div>\n\t\t\t\t<div class=\"elementor-column elementor-col-16 elementor-inner-column elementor-element elementor-element-1ea1e6d\" data-id=\"1ea1e6d\" data-element_type=\"column\">\n\t\t\t<div class=\"elementor-widget-wrap\">\n\t\t\t\t\t\t\t<\/div>\n\t\t<\/div>\n\t\t\t\t\t<\/div>\n\t\t<\/section>\n\t\t\t\t<section class=\"elementor-section elementor-inner-section elementor-element elementor-element-ec1cf8c elementor-section-boxed elementor-section-height-default elementor-section-height-default\" data-id=\"ec1cf8c\" data-element_type=\"section\">\n\t\t\t\t\t\t<div class=\"elementor-container elementor-column-gap-default\">\n\t\t\t\t\t<div class=\"elementor-column elementor-col-16 elementor-inner-column elementor-element elementor-element-7a5d285\" data-id=\"7a5d285\" data-element_type=\"column\">\n\t\t\t<div class=\"elementor-widget-wrap\">\n\t\t\t\t\t\t\t<\/div>\n\t\t<\/div>\n\t\t\t\t<div class=\"elementor-column elementor-col-66 elementor-inner-column elementor-element elementor-element-2bd5bfa\" data-id=\"2bd5bfa\" data-element_type=\"column\">\n\t\t\t<div class=\"elementor-widget-wrap elementor-element-populated\">\n\t\t\t\t\t\t<div class=\"elementor-element elementor-element-617f0b0 elementor-widget elementor-widget-heading\" data-id=\"617f0b0\" data-element_type=\"widget\" data-widget_type=\"heading.default\">\n\t\t\t\t<div class=\"elementor-widget-container\">\n\t\t\t\t\t<h2 class=\"elementor-heading-title elementor-size-default\">\u00dcber Cookies<\/h2>\t\t\t\t<\/div>\n\t\t\t\t<\/div>\n\t\t\t\t<div class=\"elementor-element elementor-element-0995ab9 elementor-widget elementor-widget-text-editor\" data-id=\"0995ab9\" data-element_type=\"widget\" data-widget_type=\"text-editor.default\">\n\t\t\t\t<div class=\"elementor-widget-container\">\n\t\t\t\t\t\t\t\t\t<p style=\"text-align: center;\">Cookies sind nichts Neues, wir alle haben eine Menge Cookies von verschiedenen Websites auf unseren Computern, Tablets und Handys gespeichert. Neu ist, dass sich mit der neuen Gesetzgebung (ZEKom-1) eine \u00c4nderung in der Information oder Kommunikation ergibt. Zustimmung der Besucher zu deren Nutzung.<\/p>\t\t\t\t\t\t\t\t<\/div>\n\t\t\t\t<\/div>\n\t\t\t\t<div class=\"elementor-element elementor-element-3bccbe8 elementor-widget elementor-widget-heading\" data-id=\"3bccbe8\" data-element_type=\"widget\" data-widget_type=\"heading.default\">\n\t\t\t\t<div class=\"elementor-widget-container\">\n\t\t\t\t\t<h2 class=\"elementor-heading-title elementor-size-default\">Was sind Cookies?<\/h2>\t\t\t\t<\/div>\n\t\t\t\t<\/div>\n\t\t\t\t<div class=\"elementor-element elementor-element-e0da006 elementor-widget elementor-widget-text-editor\" data-id=\"e0da006\" data-element_type=\"widget\" data-widget_type=\"text-editor.default\">\n\t\t\t\t<div class=\"elementor-widget-container\">\n\t\t\t\t\t\t\t\t\t<p style=\"text-align: center;\">Dies sind kleine Textdateien, die von den meisten Websites auf Ger\u00e4ten gespeichert werden, auf denen Benutzer auf das Internet zugreifen, um die einzelnen Ger\u00e4te zu identifizieren, die Benutzer beim Zugriff verwendet haben. Ihre Speicherung unterliegt der vollst\u00e4ndigen Kontrolle des Browsers, den der Benutzer hat - dies kann eingeschr\u00e4nkt oder deaktiviert werden, wenn Cookies gespeichert werden. Cookies sind nicht sch\u00e4dlich und immer zeitlich begrenzt.<\/p>\t\t\t\t\t\t\t\t<\/div>\n\t\t\t\t<\/div>\n\t\t\t\t<div class=\"elementor-element elementor-element-7a17db9 elementor-widget elementor-widget-heading\" data-id=\"7a17db9\" data-element_type=\"widget\" data-widget_type=\"heading.default\">\n\t\t\t\t<div class=\"elementor-widget-container\">\n\t\t\t\t\t<h2 class=\"elementor-heading-title elementor-size-default\">Warum werden sie gebraucht?<\/h2>\t\t\t\t<\/div>\n\t\t\t\t<\/div>\n\t\t\t\t<div class=\"elementor-element elementor-element-1ff57bf elementor-widget elementor-widget-text-editor\" data-id=\"1ff57bf\" data-element_type=\"widget\" data-widget_type=\"text-editor.default\">\n\t\t\t\t<div class=\"elementor-widget-container\">\n\t\t\t\t\t\t\t\t\t<p style=\"text-align: center;\">Sie sind f\u00fcr die Bereitstellung benutzerfreundlicher Online-Dienste von grundlegender Bedeutung. Die Interaktion zwischen dem Webbenutzer und der Website wird mithilfe von Cookies schneller und einfacher. Mit ihrer Hilfe merkt sich die Website die Vorlieben und Erfahrungen des Einzelnen, spart Zeit und macht das Surfen auf den Websites effizienter und benutzerfreundlicher.<\/p>\t\t\t\t\t\t\t\t<\/div>\n\t\t\t\t<\/div>\n\t\t\t\t<div class=\"elementor-element elementor-element-9cd7c0e elementor-widget elementor-widget-heading\" data-id=\"9cd7c0e\" data-element_type=\"widget\" data-widget_type=\"heading.default\">\n\t\t\t\t<div class=\"elementor-widget-container\">\n\t\t\t\t\t<h2 class=\"elementor-heading-title elementor-size-default\">Beispiele f\u00fcr Cookies<\/h2>\t\t\t\t<\/div>\n\t\t\t\t<\/div>\n\t\t\t\t<div class=\"elementor-element elementor-element-39a160c elementor-widget elementor-widget-text-editor\" data-id=\"39a160c\" data-element_type=\"widget\" data-widget_type=\"text-editor.default\">\n\t\t\t\t<div class=\"elementor-widget-container\">\n\t\t\t\t\t\t\t\t\t<p style=\"text-align: center;\">\n    Um die Nutzererfahrung der Website zu verbessern, passen wir den Inhalt an die Besucher an, basierend auf den Besuchen der Website in der Vergangenheit, wenn eine Auswahlliste von Ger\u00e4ten und Angeboten erstellt und diese auf Teilen von Websites verglichen werden, auf denen eine Anmeldung erforderlich ist. So bleiben Sie angemeldet, um Ihr Ger\u00e4t (Computer, Tablet, Mobiltelefon) zu identifizieren ), mit dem Sie die Bereitstellung von Inhalten auf Ihrem Besucher\u00fcberwachungsger\u00e4t anpassen k\u00f6nnen. Dies macht es erforderlich, die Wirksamkeit der Bereitstellung von Inhalten und die Relevanz von Anzeigen zu \u00fcberpr\u00fcfen und Websites kontinuierlich zu verbessern, damit bestimmte Dienste funktionieren (z. B. Online-Banken, Online-Shops und andere Formen des E-Commerce usw.).\n<\/p>\t\t\t\t\t\t\t\t<\/div>\n\t\t\t\t<\/div>\n\t\t\t\t<div class=\"elementor-element elementor-element-4c565d2 elementor-widget elementor-widget-text-editor\" data-id=\"4c565d2\" data-element_type=\"widget\" data-widget_type=\"text-editor.default\">\n\t\t\t\t<div class=\"elementor-widget-container\">\n\t\t\t\t\t\t\t\t\t<p style=\"text-align: center;\">Informationen zu den Cookie-Einstellungen erhalten Sie, wenn Sie den von Ihnen verwendeten Webbrowser ausw\u00e4hlen:<\/p><p style=\"text-align: center;\"><a href=\"http:\/\/windows.microsoft.com\/sl-si\/windows7\/how-to-manage-cookies-in-internet-explorer-9\">Internet Explorer 9<\/a><br \/><a href=\"http:\/\/windows.microsoft.com\/sl-si\/windows-vista\/block-or-allow-cookies\">Internet Explorer 7 und 8<\/a><br \/><a href=\"https:\/\/support.google.com\/chrome\/answer\/95647?hl=sl-sl&amp;p=cpn_cookies\">Chrome<\/a><br \/><a href=\"http:\/\/support.mozilla.org\/sl\/kb\/kako-omogocite-onemogocite-piskote-v-katerih-splet\">Firefox<\/a><br \/><a href=\"http:\/\/www.opera.com\/help\/tutorials\/security\/cookies\/\">Opera (englische Seite)<\/a><br \/><a href=\"http:\/\/support.apple.com\/kb\/PH11913\">Safari (englischsprachige Seite)<\/a><\/p>\t\t\t\t\t\t\t\t<\/div>\n\t\t\t\t<\/div>\n\t\t\t\t\t<\/div>\n\t\t<\/div>\n\t\t\t\t<div class=\"elementor-column elementor-col-16 elementor-inner-column elementor-element elementor-element-5c91ed0\" data-id=\"5c91ed0\" data-element_type=\"column\">\n\t\t\t<div class=\"elementor-widget-wrap\">\n\t\t\t\t\t\t\t<\/div>\n\t\t<\/div>\n\t\t\t\t\t<\/div>\n\t\t<\/section>\n\t\t\t\t\t<\/div>\n\t\t<\/div>\n\t\t\t\t\t<\/div>\n\t\t<\/section>\n\t\t\t\t<\/div>","protected":false},"excerpt":{"rendered":"<p>O pi\u0161kotkih Pi\u0161kotki niso ni\u010d novega, vsi obiskovalci spletnih strani imamo na svojih ra\u010dunalnikih, tablicah, mobitelih shranjenih \u017ee veliko pi\u0161kotkov z razli\u010dnih spletnih strani. Novo je zgolj to, da z novo zakonodajo (ZEKom-1) prihaja do sprememb glede obve\u0161\u010danja oz. sogla\u0161anja obiskovalcev z njihovo uporabo. Kaj so pi\u0161kotki? So male besedilne datoteke, ki jih ve\u010dina spletnih [&hellip;]<\/p>","protected":false},"author":2,"featured_media":0,"parent":0,"menu_order":0,"comment_status":"closed","ping_status":"closed","template":"","meta":{"ocean_post_layout":"full-width","ocean_both_sidebars_style":"","ocean_both_sidebars_content_width":0,"ocean_both_sidebars_sidebars_width":0,"ocean_sidebar":"0","ocean_second_sidebar":"0","ocean_disable_margins":"on","ocean_add_body_class":"","ocean_shortcode_before_top_bar":"","ocean_shortcode_after_top_bar":"","ocean_shortcode_before_header":"","ocean_shortcode_after_header":"","ocean_has_shortcode":"","ocean_shortcode_after_title":"","ocean_shortcode_before_footer_widgets":"","ocean_shortcode_after_footer_widgets":"","ocean_shortcode_before_footer_bottom":"","ocean_shortcode_after_footer_bottom":"","ocean_display_top_bar":"off","ocean_display_header":"default","ocean_header_style":"","ocean_center_header_left_menu":"0","ocean_custom_header_template":"0","ocean_custom_logo":0,"ocean_custom_retina_logo":0,"ocean_custom_logo_max_width":0,"ocean_custom_logo_tablet_max_width":0,"ocean_custom_logo_mobile_max_width":0,"ocean_custom_logo_max_height":0,"ocean_custom_logo_tablet_max_height":0,"ocean_custom_logo_mobile_max_height":0,"ocean_header_custom_menu":"2","ocean_menu_typo_font_family":"0","ocean_menu_typo_font_subset":"","ocean_menu_typo_font_size":0,"ocean_menu_typo_font_size_tablet":0,"ocean_menu_typo_font_size_mobile":0,"ocean_menu_typo_font_size_unit":"px","ocean_menu_typo_font_weight":"","ocean_menu_typo_font_weight_tablet":"","ocean_menu_typo_font_weight_mobile":"","ocean_menu_typo_transform":"","ocean_menu_typo_transform_tablet":"","ocean_menu_typo_transform_mobile":"","ocean_menu_typo_line_height":0,"ocean_menu_typo_line_height_tablet":0,"ocean_menu_typo_line_height_mobile":0,"ocean_menu_typo_line_height_unit":"","ocean_menu_typo_spacing":0,"ocean_menu_typo_spacing_tablet":0,"ocean_menu_typo_spacing_mobile":0,"ocean_menu_typo_spacing_unit":"","ocean_menu_link_color":"","ocean_menu_link_color_hover":"","ocean_menu_link_color_active":"","ocean_menu_link_background":"","ocean_menu_link_hover_background":"","ocean_menu_link_active_background":"","ocean_menu_social_links_bg":"","ocean_menu_social_hover_links_bg":"","ocean_menu_social_links_color":"","ocean_menu_social_hover_links_color":"","ocean_disable_title":"on","ocean_disable_heading":"default","ocean_post_title":"","ocean_post_subheading":"","ocean_post_title_style":"","ocean_post_title_background_color":"","ocean_post_title_background":0,"ocean_post_title_bg_image_position":"","ocean_post_title_bg_image_attachment":"","ocean_post_title_bg_image_repeat":"","ocean_post_title_bg_image_size":"","ocean_post_title_height":0,"ocean_post_title_bg_overlay":0.5,"ocean_post_title_bg_overlay_color":"","ocean_disable_breadcrumbs":"off","ocean_breadcrumbs_color":"","ocean_breadcrumbs_separator_color":"","ocean_breadcrumbs_links_color":"","ocean_breadcrumbs_links_hover_color":"","ocean_display_footer_widgets":"default","ocean_display_footer_bottom":"default","ocean_custom_footer_template":"0","footnotes":""},"class_list":["post-901","page","type-page","status-publish","hentry","entry"],"_links":{"self":[{"href":"https:\/\/atj.si\/de\/wp-json\/wp\/v2\/pages\/901","targetHints":{"allow":["GET"]}}],"collection":[{"href":"https:\/\/atj.si\/de\/wp-json\/wp\/v2\/pages"}],"about":[{"href":"https:\/\/atj.si\/de\/wp-json\/wp\/v2\/types\/page"}],"author":[{"embeddable":true,"href":"https:\/\/atj.si\/de\/wp-json\/wp\/v2\/users\/2"}],"replies":[{"embeddable":true,"href":"https:\/\/atj.si\/de\/wp-json\/wp\/v2\/comments?post=901"}],"version-history":[{"count":0,"href":"https:\/\/atj.si\/de\/wp-json\/wp\/v2\/pages\/901\/revisions"}],"wp:attachment":[{"href":"https:\/\/atj.si\/de\/wp-json\/wp\/v2\/media?parent=901"}],"curies":[{"name":"wp","href":"https:\/\/api.w.org\/{rel}","templated":true}]}}