{"id":894,"date":"2019-08-26T20:57:26","date_gmt":"2019-08-26T20:57:26","guid":{"rendered":"https:\/\/atj.si\/?page_id=894"},"modified":"2019-08-26T23:57:10","modified_gmt":"2019-08-26T23:57:10","slug":"pogoji-uporabe","status":"publish","type":"page","link":"https:\/\/atj.si\/de\/pogoji-uporabe\/","title":{"rendered":"Nutzungsbedingungen"},"content":{"rendered":"<div data-elementor-type=\"wp-post\" data-elementor-id=\"894\" class=\"elementor elementor-894\" data-elementor-post-type=\"page\">\n\t\t\t\t\t\t<section class=\"elementor-section elementor-top-section elementor-element elementor-element-6640cf2 elementor-section-stretched elementor-section-full_width elementor-section-height-default elementor-section-height-default\" data-id=\"6640cf2\" data-element_type=\"section\" data-settings=\"{&quot;stretch_section&quot;:&quot;section-stretched&quot;,&quot;background_background&quot;:&quot;classic&quot;}\">\n\t\t\t\t\t\t<div class=\"elementor-container elementor-column-gap-default\">\n\t\t\t\t\t<div class=\"elementor-column elementor-col-100 elementor-top-column elementor-element elementor-element-e02ed5b\" data-id=\"e02ed5b\" data-element_type=\"column\">\n\t\t\t<div class=\"elementor-widget-wrap elementor-element-populated\">\n\t\t\t\t\t\t<section class=\"elementor-section elementor-inner-section elementor-element elementor-element-1074fe8 elementor-section-boxed elementor-section-height-default elementor-section-height-default\" data-id=\"1074fe8\" data-element_type=\"section\">\n\t\t\t\t\t\t<div class=\"elementor-container elementor-column-gap-default\">\n\t\t\t\t\t<div class=\"elementor-column elementor-col-16 elementor-inner-column elementor-element elementor-element-ab5e115\" data-id=\"ab5e115\" data-element_type=\"column\">\n\t\t\t<div class=\"elementor-widget-wrap\">\n\t\t\t\t\t\t\t<\/div>\n\t\t<\/div>\n\t\t\t\t<div class=\"elementor-column elementor-col-66 elementor-inner-column elementor-element elementor-element-602dde4\" data-id=\"602dde4\" data-element_type=\"column\">\n\t\t\t<div class=\"elementor-widget-wrap elementor-element-populated\">\n\t\t\t\t\t\t<div class=\"elementor-element elementor-element-10b39fc elementor-headline--style-highlight elementor-widget elementor-widget-animated-headline\" data-id=\"10b39fc\" data-element_type=\"widget\" data-settings=\"{&quot;highlighted_text&quot;:&quot;Pogoji uporabe&quot;,&quot;headline_style&quot;:&quot;highlight&quot;,&quot;marker&quot;:&quot;circle&quot;,&quot;loop&quot;:&quot;yes&quot;,&quot;highlight_animation_duration&quot;:1200,&quot;highlight_iteration_delay&quot;:8000}\" data-widget_type=\"animated-headline.default\">\n\t\t\t\t<div class=\"elementor-widget-container\">\n\t\t\t\t\t\t\t<h1 class=\"elementor-headline\">\n\t\t\t\t<span class=\"elementor-headline-dynamic-wrapper elementor-headline-text-wrapper\">\n\t\t\t\t\t<span class=\"elementor-headline-dynamic-text elementor-headline-text-active\">Nutzungsbedingungen<\/span>\n\t\t\t\t<\/span>\n\t\t\t\t<\/h1>\n\t\t\t\t\t\t<\/div>\n\t\t\t\t<\/div>\n\t\t\t\t\t<\/div>\n\t\t<\/div>\n\t\t\t\t<div class=\"elementor-column elementor-col-16 elementor-inner-column elementor-element elementor-element-0b9f383\" data-id=\"0b9f383\" data-element_type=\"column\">\n\t\t\t<div class=\"elementor-widget-wrap\">\n\t\t\t\t\t\t\t<\/div>\n\t\t<\/div>\n\t\t\t\t\t<\/div>\n\t\t<\/section>\n\t\t\t\t<section class=\"elementor-section elementor-inner-section elementor-element elementor-element-2cd2ad6 elementor-section-boxed elementor-section-height-default elementor-section-height-default\" data-id=\"2cd2ad6\" data-element_type=\"section\">\n\t\t\t\t\t\t<div class=\"elementor-container elementor-column-gap-default\">\n\t\t\t\t\t<div class=\"elementor-column elementor-col-16 elementor-inner-column elementor-element elementor-element-b5b99b3\" data-id=\"b5b99b3\" data-element_type=\"column\">\n\t\t\t<div class=\"elementor-widget-wrap\">\n\t\t\t\t\t\t\t<\/div>\n\t\t<\/div>\n\t\t\t\t<div class=\"elementor-column elementor-col-66 elementor-inner-column elementor-element elementor-element-3cc1438\" data-id=\"3cc1438\" data-element_type=\"column\">\n\t\t\t<div class=\"elementor-widget-wrap elementor-element-populated\">\n\t\t\t\t\t\t<div class=\"elementor-element elementor-element-e03791b elementor-widget elementor-widget-heading\" data-id=\"e03791b\" data-element_type=\"widget\" data-widget_type=\"heading.default\">\n\t\t\t\t<div class=\"elementor-widget-container\">\n\t\t\t\t\t<h2 class=\"elementor-heading-title elementor-size-default\">Zustimmung zu den Bedingungen<\/h2>\t\t\t\t<\/div>\n\t\t\t\t<\/div>\n\t\t\t\t<div class=\"elementor-element elementor-element-db6a7d9 elementor-widget elementor-widget-text-editor\" data-id=\"db6a7d9\" data-element_type=\"widget\" data-widget_type=\"text-editor.default\">\n\t\t\t\t<div class=\"elementor-widget-container\">\n\t\t\t\t\t\t\t\t\t<p style=\"text-align: center;\">Bei ATJ doo haben wir unsere Website so gestaltet, dass sie allgemeine Informationen \u00fcber ATJ doo und seine Produkte, Dienstleistungen und Aktivit\u00e4ten bietet. Durch das Durchsuchen oder Verwenden dieser Website best\u00e4tigen Sie, dass Sie die Allgemeinen Gesch\u00e4ftsbedingungen gelesen haben, diesen zustimmen und diese vollst\u00e4ndig akzeptieren. Wenn Sie damit nicht einverstanden sind, verwenden Sie diese Seiten bitte nicht. Wir empfehlen Ihnen, unsere Website regelm\u00e4\u00dfig zu besuchen und die geltenden Nutzungsbedingungen zu lesen, da diese rechtlich bindend sind.<\/p>\t\t\t\t\t\t\t\t<\/div>\n\t\t\t\t<\/div>\n\t\t\t\t<div class=\"elementor-element elementor-element-273193e elementor-widget elementor-widget-heading\" data-id=\"273193e\" data-element_type=\"widget\" data-widget_type=\"heading.default\">\n\t\t\t\t<div class=\"elementor-widget-container\">\n\t\t\t\t\t<h2 class=\"elementor-heading-title elementor-size-default\">Haftungsbeschr\u00e4nkung<\/h2>\t\t\t\t<\/div>\n\t\t\t\t<\/div>\n\t\t\t\t<div class=\"elementor-element elementor-element-11a61d6 elementor-widget elementor-widget-text-editor\" data-id=\"11a61d6\" data-element_type=\"widget\" data-widget_type=\"text-editor.default\">\n\t\t\t\t<div class=\"elementor-widget-container\">\n\t\t\t\t\t\t\t\t\t<p style=\"text-align: center;\">Alle Informationen und Materialien auf der ATJ-Website dienen nur zu Informationszwecken. ATJ wird sich um das bestm\u00f6gliche Funktionieren seiner Website bem\u00fchen, \u00fcbernimmt jedoch keine Verantwortung oder Garantie f\u00fcr deren reibungslose Nutzung. Alle Benutzer benutzen diese Seite auf eigenes Risiko. ATJ doo haftet nicht f\u00fcr Sch\u00e4den, die sich aus dem Zugang, der Verwendung oder der Unf\u00e4higkeit ergeben, die Informationen und Materialien auf der ATJ-Website zu verwenden, oder f\u00fcr Fehler oder M\u00e4ngel in deren Inhalt.<\/p>\t\t\t\t\t\t\t\t<\/div>\n\t\t\t\t<\/div>\n\t\t\t\t<div class=\"elementor-element elementor-element-ff19c21 elementor-widget elementor-widget-text-editor\" data-id=\"ff19c21\" data-element_type=\"widget\" data-widget_type=\"text-editor.default\">\n\t\t\t\t<div class=\"elementor-widget-container\">\n\t\t\t\t\t\t\t\t\t<p style=\"text-align: center;\">ATJ wird sich um Richtigkeit, Aktualit\u00e4t und Vollst\u00e4ndigkeit der auf diesen Seiten enthaltenen Informationen bem\u00fchen, \u00fcbernimmt jedoch keine Gew\u00e4hr f\u00fcr deren Richtigkeit, Aktualit\u00e4t und Vollst\u00e4ndigkeit.<\/p>\t\t\t\t\t\t\t\t<\/div>\n\t\t\t\t<\/div>\n\t\t\t\t<div class=\"elementor-element elementor-element-c4a136a elementor-widget elementor-widget-text-editor\" data-id=\"c4a136a\" data-element_type=\"widget\" data-widget_type=\"text-editor.default\">\n\t\t\t\t<div class=\"elementor-widget-container\">\n\t\t\t\t\t\t\t\t\t<p style=\"text-align: center;\">ATJ kann die Seiten seiner Website jederzeit ohne vorherige Ank\u00fcndigung \u00e4ndern und \u00fcbernimmt keine Verantwortung f\u00fcr die Folgen dieser \u00c4nderungen.<\/p>\t\t\t\t\t\t\t\t<\/div>\n\t\t\t\t<\/div>\n\t\t\t\t<div class=\"elementor-element elementor-element-d0b52f3 elementor-widget elementor-widget-heading\" data-id=\"d0b52f3\" data-element_type=\"widget\" data-widget_type=\"heading.default\">\n\t\t\t\t<div class=\"elementor-widget-container\">\n\t\t\t\t\t<h2 class=\"elementor-heading-title elementor-size-default\">Verbotene und rechtswidrige Verwendung<\/h2>\t\t\t\t<\/div>\n\t\t\t\t<\/div>\n\t\t\t\t<div class=\"elementor-element elementor-element-a94a189 elementor-widget elementor-widget-text-editor\" data-id=\"a94a189\" data-element_type=\"widget\" data-widget_type=\"text-editor.default\">\n\t\t\t\t<div class=\"elementor-widget-container\">\n\t\t\t\t\t\t\t\t\t<p style=\"text-align: center;\">Sie d\u00fcrfen die ATJ-Website nur unter der Bedingung nutzen, dass Sie sie nicht f\u00fcr rechtswidrige Zwecke oder f\u00fcr Zwecke verwenden, die in diesen Bedingungen, Anforderungen und Hinweisen verboten sind. Sie d\u00fcrfen die Website in keiner Weise nutzen, die ATJ doo oder seine Kunden besch\u00e4digen, deaktivieren, \u00fcberlasten oder sch\u00e4digen k\u00f6nnte. Es ist strengstens untersagt, diese Website zu verwenden oder zu kontaktieren, um deren Inhalt oder Sicherheitsma\u00dfnahmen zu behindern oder zu besch\u00e4digen oder um sie zu bel\u00e4stigen oder zu bel\u00e4stigen oder zu missbrauchen. die ATJ, ihre Dienste oder ihre Mitarbeiter herabsetzen. Es ist verboten, Spam auf oder durch diese Site zu leiten. Jeder Versuch, durch Hacking, Passwort-Hijacking oder auf andere Weise unbefugten Zugriff auf die Computersysteme von ATJ zu erlangen, ist untersagt. Die ATJ hat das uneingeschr\u00e4nkte Recht, zu beurteilen, ob eine Verwendung gegen diese Regeln verst\u00f6\u00dft, und bei Verst\u00f6\u00dfen geeignete Ma\u00dfnahmen zu ergreifen. Verst\u00f6\u00dfe gegen die System- oder Netzwerksicherheit k\u00f6nnen zu zivil- oder strafrechtlicher Haftung f\u00fchren.<\/p>\t\t\t\t\t\t\t\t<\/div>\n\t\t\t\t<\/div>\n\t\t\t\t<div class=\"elementor-element elementor-element-4be10c9 elementor-widget elementor-widget-heading\" data-id=\"4be10c9\" data-element_type=\"widget\" data-widget_type=\"heading.default\">\n\t\t\t\t<div class=\"elementor-widget-container\">\n\t\t\t\t\t<h2 class=\"elementor-heading-title elementor-size-default\">Ihre Fragen und Anregungen<\/h2>\t\t\t\t<\/div>\n\t\t\t\t<\/div>\n\t\t\t\t<div class=\"elementor-element elementor-element-54364e0 elementor-widget elementor-widget-text-editor\" data-id=\"54364e0\" data-element_type=\"widget\" data-widget_type=\"text-editor.default\">\n\t\t\t\t<div class=\"elementor-widget-container\">\n\t\t\t\t\t\t\t\t\t<p style=\"text-align: center;\">Wenn Sie Fragen, Bedenken oder Vorschl\u00e4ge zu den Nutzungsbedingungen von ATJ haben, wenden Sie sich bitte an uns <a href=\"https:\/\/atj.si\/de\/povprasevanje\/\">Webformular<\/a>.<\/p>\t\t\t\t\t\t\t\t<\/div>\n\t\t\t\t<\/div>\n\t\t\t\t\t<\/div>\n\t\t<\/div>\n\t\t\t\t<div class=\"elementor-column elementor-col-16 elementor-inner-column elementor-element elementor-element-26686f3\" data-id=\"26686f3\" data-element_type=\"column\">\n\t\t\t<div class=\"elementor-widget-wrap\">\n\t\t\t\t\t\t\t<\/div>\n\t\t<\/div>\n\t\t\t\t\t<\/div>\n\t\t<\/section>\n\t\t\t\t\t<\/div>\n\t\t<\/div>\n\t\t\t\t\t<\/div>\n\t\t<\/section>\n\t\t\t\t<\/div>","protected":false},"excerpt":{"rendered":"<p>Strinjanje s pogoji Pri podjetju ATJ d.o.o. smo na\u0161e spletno mesto oblikovali z namenom omogo\u010diti splo\u0161no informiranje o ATJ d.o.o. in njegovih izdelkih, storitvah ter aktivnostih. S pregledovanjem ali uporabljanjem tega spletnega mesta potrjujete, da ste pogoje prebrali, da jih razumete ter se z njimi strinjate in jih v celoti sprejemate. \u010ce se z njimi [&hellip;]<\/p>","protected":false},"author":2,"featured_media":0,"parent":0,"menu_order":0,"comment_status":"closed","ping_status":"closed","template":"","meta":{"ocean_post_layout":"full-width","ocean_both_sidebars_style":"","ocean_both_sidebars_content_width":0,"ocean_both_sidebars_sidebars_width":0,"ocean_sidebar":"0","ocean_second_sidebar":"0","ocean_disable_margins":"on","ocean_add_body_class":"","ocean_shortcode_before_top_bar":"","ocean_shortcode_after_top_bar":"","ocean_shortcode_before_header":"","ocean_shortcode_after_header":"","ocean_has_shortcode":"","ocean_shortcode_after_title":"","ocean_shortcode_before_footer_widgets":"","ocean_shortcode_after_footer_widgets":"","ocean_shortcode_before_footer_bottom":"","ocean_shortcode_after_footer_bottom":"","ocean_display_top_bar":"off","ocean_display_header":"default","ocean_header_style":"","ocean_center_header_left_menu":"0","ocean_custom_header_template":"0","ocean_custom_logo":0,"ocean_custom_retina_logo":0,"ocean_custom_logo_max_width":0,"ocean_custom_logo_tablet_max_width":0,"ocean_custom_logo_mobile_max_width":0,"ocean_custom_logo_max_height":0,"ocean_custom_logo_tablet_max_height":0,"ocean_custom_logo_mobile_max_height":0,"ocean_header_custom_menu":"2","ocean_menu_typo_font_family":"0","ocean_menu_typo_font_subset":"","ocean_menu_typo_font_size":0,"ocean_menu_typo_font_size_tablet":0,"ocean_menu_typo_font_size_mobile":0,"ocean_menu_typo_font_size_unit":"px","ocean_menu_typo_font_weight":"","ocean_menu_typo_font_weight_tablet":"","ocean_menu_typo_font_weight_mobile":"","ocean_menu_typo_transform":"","ocean_menu_typo_transform_tablet":"","ocean_menu_typo_transform_mobile":"","ocean_menu_typo_line_height":0,"ocean_menu_typo_line_height_tablet":0,"ocean_menu_typo_line_height_mobile":0,"ocean_menu_typo_line_height_unit":"","ocean_menu_typo_spacing":0,"ocean_menu_typo_spacing_tablet":0,"ocean_menu_typo_spacing_mobile":0,"ocean_menu_typo_spacing_unit":"","ocean_menu_link_color":"","ocean_menu_link_color_hover":"","ocean_menu_link_color_active":"","ocean_menu_link_background":"","ocean_menu_link_hover_background":"","ocean_menu_link_active_background":"","ocean_menu_social_links_bg":"","ocean_menu_social_hover_links_bg":"","ocean_menu_social_links_color":"","ocean_menu_social_hover_links_color":"","ocean_disable_title":"on","ocean_disable_heading":"default","ocean_post_title":"","ocean_post_subheading":"","ocean_post_title_style":"","ocean_post_title_background_color":"","ocean_post_title_background":0,"ocean_post_title_bg_image_position":"","ocean_post_title_bg_image_attachment":"","ocean_post_title_bg_image_repeat":"","ocean_post_title_bg_image_size":"","ocean_post_title_height":0,"ocean_post_title_bg_overlay":0.5,"ocean_post_title_bg_overlay_color":"","ocean_disable_breadcrumbs":"off","ocean_breadcrumbs_color":"","ocean_breadcrumbs_separator_color":"","ocean_breadcrumbs_links_color":"","ocean_breadcrumbs_links_hover_color":"","ocean_display_footer_widgets":"default","ocean_display_footer_bottom":"default","ocean_custom_footer_template":"0","footnotes":""},"class_list":["post-894","page","type-page","status-publish","hentry","entry"],"_links":{"self":[{"href":"https:\/\/atj.si\/de\/wp-json\/wp\/v2\/pages\/894","targetHints":{"allow":["GET"]}}],"collection":[{"href":"https:\/\/atj.si\/de\/wp-json\/wp\/v2\/pages"}],"about":[{"href":"https:\/\/atj.si\/de\/wp-json\/wp\/v2\/types\/page"}],"author":[{"embeddable":true,"href":"https:\/\/atj.si\/de\/wp-json\/wp\/v2\/users\/2"}],"replies":[{"embeddable":true,"href":"https:\/\/atj.si\/de\/wp-json\/wp\/v2\/comments?post=894"}],"version-history":[{"count":0,"href":"https:\/\/atj.si\/de\/wp-json\/wp\/v2\/pages\/894\/revisions"}],"wp:attachment":[{"href":"https:\/\/atj.si\/de\/wp-json\/wp\/v2\/media?parent=894"}],"curies":[{"name":"wp","href":"https:\/\/api.w.org\/{rel}","templated":true}]}}